{"id":150,"date":"2020-03-16T11:31:21","date_gmt":"2020-03-16T11:31:21","guid":{"rendered":"http:\/\/onceuponabrand.com\/?page_id=150"},"modified":"2024-02-22T14:45:31","modified_gmt":"2024-02-22T14:45:31","slug":"servicos","status":"publish","type":"page","link":"https:\/\/onceuponabrand.pt\/en\/servicos\/","title":{"rendered":"Services"},"content":{"rendered":"<p>[et_pb_section fb_built=\"1\u2033 _builder_version=\"4.4.1\u2033 custom_padding=\"||0px||false|false\"][et_pb_row _builder_version=\"4.4.1\u2033 width=\"50%\" width_tablet=\"70%\" width_phone=\"80%\" width_last_edited=\"on|phone\" custom_padding=\"0px||||false|false\"][et_pb_column type=\"4_4\u2033 _builder_version=\"4.4.1\u2033][et_pb_text _builder_version=\"4.4.1\u2033 custom_margin=\"||0px|false|false\" hover_enabled=\"0\u2033]<\/p>\n<h1 style=\"text-align: center;\"><span style=\"color: #000000;\"><span style=\"vertical-align: inherit;\"><span style=\"vertical-align: inherit;\">SERVICES<\/span><\/span><\/span><\/h1>\n<p>[\/et_pb_text][et_pb_divider color=&#8221;#000000&#8243; divider_weight=&#8221;10px&#8221; _builder_version=&#8221;4.4.1&#8243; width=&#8221;15%&#8221; width_tablet=&#8221;15%&#8221; width_phone=&#8221;25%&#8221; width_last_edited=&#8221;on|tablet&#8221; module_alignment=&#8221;center&#8221; custom_margin=&#8221;0px||40px||false|false&#8221; custom_padding=&#8221;||||false|false&#8221; hover_enabled=&#8221;0&#8243;][\/et_pb_divider][et_pb_text _builder_version=&#8221;4.4.1&#8243; custom_margin=&#8221;||0px||false|false&#8221; custom_padding=&#8221;||||false|false&#8221;]<\/p>\n<p>There are several agencies able to match your brand's needs - that's why we are focused on your wishes. We go further. We work one-to-one because no brand is like yours. Expect our devotion - we only follow high standards, and we want your brand to thrive. No matter where you imagine your brand, we'll get you there. We design your story and much, much more. Count on us to:<\/p>\n<p>Brand Strategy and Management<br \/>Marketing Support<br \/>Brand Design<br \/>Creativity and Graphic Design<br \/>Content Development<br \/>Web Strategy (websites, web design, programming and implementation, management)<br \/>E-mail Marketing<br \/>Social Network Management<br \/>Stands<\/p>\n<p>[\/et_pb_text][et_pb_divider color=&#8221;#000000&#8243; divider_position=&#8221;center&#8221; divider_weight=&#8221;7px&#8221; _builder_version=&#8221;4.4.1&#8243; width=&#8221;9%&#8221; width_tablet=&#8221;9%&#8221; width_phone=&#8221;20%&#8221; width_last_edited=&#8221;on|tablet&#8221; custom_margin=&#8221;30px||30px||true|false&#8221; custom_padding=&#8221;||||false|false&#8221; hover_enabled=&#8221;0&#8243;][\/et_pb_divider][\/et_pb_column][\/et_pb_row][\/et_pb_section]<\/p>","protected":false},"excerpt":{"rendered":"<p>[et_pb_section fb_built=&#8221;1&#8243; _builder_version=&#8221;4.4.1&#8243; custom_padding=&#8221;||0px||false|false&#8221;][et_pb_row _builder_version=&#8221;4.4.1&#8243; width=&#8221;50%&#8221; width_tablet=&#8221;70%&#8221; width_phone=&#8221;80%&#8221; width_last_edited=&#8221;on|phone&#8221; custom_padding=&#8221;0px||||false|false&#8221;][et_pb_column type=&#8221;4_4&#8243; _builder_version=&#8221;4.4.1&#8243;][et_pb_text _builder_version=&#8221;4.4.1&#8243; custom_margin=&#8221;||0px||false|false&#8221; hover_enabled=&#8221;0&#8243;] SERVI\u00c7OS [\/et_pb_text][et_pb_divider color=&#8221;#000000&#8243; divider_weight=&#8221;10px&#8221; _builder_version=&#8221;4.4.1&#8243; width=&#8221;15%&#8221; width_tablet=&#8221;15%&#8221; width_phone=&#8221;25%&#8221; width_last_edited=&#8221;on|tablet&#8221; module_alignment=&#8221;center&#8221; custom_margin=&#8221;0px||40px||false|false&#8221; custom_padding=&#8221;||||false|false&#8221; hover_enabled=&#8221;0&#8243;][\/et_pb_divider][et_pb_text _builder_version=&#8221;4.4.1&#8243; custom_margin=&#8221;||0px||false|false&#8221; custom_padding=&#8221;||||false|false&#8221;] S\u00e3o v\u00e1rias as ag\u00eancias capazes de corresponder \u00e0s necessidades da sua marca \u2013 \u00e9 por isso que n\u00f3s estamos focados nos seus desejos. Vamos [&hellip;]<\/p>","protected":false},"author":1,"featured_media":0,"parent":0,"menu_order":0,"comment_status":"closed","ping_status":"closed","template":"","meta":{"_et_pb_use_builder":"on","_et_pb_old_content":"","_et_gb_content_width":"","footnotes":""},"_links":{"self":[{"href":"https:\/\/onceuponabrand.pt\/en\/wp-json\/wp\/v2\/pages\/150"}],"collection":[{"href":"https:\/\/onceuponabrand.pt\/en\/wp-json\/wp\/v2\/pages"}],"about":[{"href":"https:\/\/onceuponabrand.pt\/en\/wp-json\/wp\/v2\/types\/page"}],"author":[{"embeddable":true,"href":"https:\/\/onceuponabrand.pt\/en\/wp-json\/wp\/v2\/users\/1"}],"replies":[{"embeddable":true,"href":"https:\/\/onceuponabrand.pt\/en\/wp-json\/wp\/v2\/comments?post=150"}],"version-history":[{"count":18,"href":"https:\/\/onceuponabrand.pt\/en\/wp-json\/wp\/v2\/pages\/150\/revisions"}],"predecessor-version":[{"id":1362,"href":"https:\/\/onceuponabrand.pt\/en\/wp-json\/wp\/v2\/pages\/150\/revisions\/1362"}],"wp:attachment":[{"href":"https:\/\/onceuponabrand.pt\/en\/wp-json\/wp\/v2\/media?parent=150"}],"curies":[{"name":"wp","href":"https:\/\/api.w.org\/{rel}","templated":true}]}}