{"id":114,"date":"2020-03-16T10:15:27","date_gmt":"2020-03-16T10:15:27","guid":{"rendered":"http:\/\/onceuponabrand.com\/?page_id=114"},"modified":"2024-02-22T14:43:54","modified_gmt":"2024-02-22T14:43:54","slug":"nos-us","status":"publish","type":"page","link":"https:\/\/onceuponabrand.pt\/en\/nos-us\/","title":{"rendered":"We"},"content":{"rendered":"<p>[et_pb_section fb_built=&#8221;1&#8243; _builder_version=&#8221;4.4.1&#8243; custom_padding=&#8221;||0px||false|false&#8221;][et_pb_row _builder_version=&#8221;4.4.1&#8243; width=&#8221;50%&#8221; width_tablet=&#8221;70%&#8221; width_phone=&#8221;80%&#8221; width_last_edited=&#8221;on|tablet&#8221; custom_padding=&#8221;0px||||false|false&#8221;][et_pb_column type=&#8221;4_4&#8243; _builder_version=&#8221;4.4.1&#8243;][et_pb_text _builder_version=&#8221;4.4.1&#8243; text_text_color=&#8221;#000&#8243; custom_margin=&#8221;||0px||false|false&#8221; hover_enabled=&#8221;0&#8243; header_text_color=&#8221;#000&#8243;]<\/p>\n<h1 style=\"text-align: center;\"><span style=\"color: #000;\"><span style=\"vertical-align: inherit;\"><span style=\"vertical-align: inherit;\"><span style=\"vertical-align: inherit;\"><span style=\"vertical-align: inherit;\">WE<\/span><\/span><\/span><\/span><\/span><\/h1>\n<p>[\/et_pb_text][et_pb_divider color=&#8221;#000&#8243; divider_weight=&#8221;10px&#8221; _builder_version=&#8221;4.4.1&#8243; width=&#8221;15%&#8221; width_tablet=&#8221;15%&#8221; width_phone=&#8221;25%&#8221; width_last_edited=&#8221;on|tablet&#8221; module_alignment=&#8221;center&#8221; custom_margin=&#8221;0px||40px||false|false&#8221; custom_padding=&#8221;||||false|false&#8221; hover_enabled=&#8221;0&#8243;][\/et_pb_divider][et_pb_text _builder_version=&#8221;4.4.1&#8243; custom_margin=&#8221;||0px||false|false&#8221; custom_padding=&#8221;||||false|false&#8221;]<\/p>\n<p><span>Once upon a time there was a brand. Its dream was to build brands with incredible stories. This dream could only be achieved with teamwork and dedication. That was our brand in 2008!<\/span><\/p>\n<p><span>We started by designing our own brand. A few years later, now with dozens of satisfied customers, we continue to write the chapters of our brand and live the dream we always wanted. <\/span><\/p>\n<p><span>We are creative, ambitious and focused. Our work is based on the goals and wishes of our clients. Thus, it is in making their stories unique that our motivation lies.<\/span><\/p>\n<p><span>We look for challenges, we don't fear them. We believe that just like people, every brand is unique. In doing so, we treat your brand as a unique case, ready to reach its potential. Your goal will be our new challenge.<\/span><\/p>\n<p><span>Tell us your story. <\/span><span>Let us design your future.<\/span><\/p>\n<p>[\/et_pb_text][et_pb_divider color=&#8221;#000&#8243; divider_position=&#8221;center&#8221; divider_weight=&#8221;7px&#8221; divider_weight_tablet=&#8221;&#8221; divider_weight_phone=&#8221;&#8221; divider_weight_last_edited=&#8221;on|desktop&#8221; _builder_version=&#8221;4.4.1&#8243; width=&#8221;9%&#8221; width_tablet=&#8221;9%&#8221; width_phone=&#8221;20%&#8221; width_last_edited=&#8221;on|tablet&#8221; custom_margin=&#8221;30px||30px||true|false&#8221; custom_padding=&#8221;||||false|false&#8221; hover_enabled=&#8221;0&#8243;][\/et_pb_divider][\/et_pb_column][\/et_pb_row][\/et_pb_section]<\/p>","protected":false},"excerpt":{"rendered":"<p>[et_pb_section fb_built=&#8221;1&#8243; _builder_version=&#8221;4.4.1&#8243; custom_padding=&#8221;||0px||false|false&#8221;][et_pb_row _builder_version=&#8221;4.4.1&#8243; width=&#8221;50%&#8221; width_tablet=&#8221;70%&#8221; width_phone=&#8221;80%&#8221; width_last_edited=&#8221;on|tablet&#8221; custom_padding=&#8221;0px||||false|false&#8221;][et_pb_column type=&#8221;4_4&#8243; _builder_version=&#8221;4.4.1&#8243;][et_pb_text _builder_version=&#8221;4.4.1&#8243; text_text_color=&#8221;#000&#8243; custom_margin=&#8221;||0px||false|false&#8221; hover_enabled=&#8221;0&#8243; header_text_color=&#8221;#000&#8243;] N\u00d3S [\/et_pb_text][et_pb_divider color=&#8221;#000&#8243; divider_weight=&#8221;10px&#8221; _builder_version=&#8221;4.4.1&#8243; width=&#8221;15%&#8221; width_tablet=&#8221;15%&#8221; width_phone=&#8221;25%&#8221; width_last_edited=&#8221;on|tablet&#8221; module_alignment=&#8221;center&#8221; custom_margin=&#8221;0px||40px||false|false&#8221; custom_padding=&#8221;||||false|false&#8221; hover_enabled=&#8221;0&#8243;][\/et_pb_divider][et_pb_text _builder_version=&#8221;4.4.1&#8243; custom_margin=&#8221;||0px||false|false&#8221; custom_padding=&#8221;||||false|false&#8221;] Era uma vez uma marca. O seu sonho era construir marcas com hist\u00f3rias incriv\u00e9is. Este sonho, s\u00f3 seria alcan\u00e7ado com trabalho de [&hellip;]<\/p>","protected":false},"author":1,"featured_media":0,"parent":0,"menu_order":0,"comment_status":"closed","ping_status":"closed","template":"","meta":{"_et_pb_use_builder":"on","_et_pb_old_content":"","_et_gb_content_width":"","footnotes":""},"_links":{"self":[{"href":"https:\/\/onceuponabrand.pt\/en\/wp-json\/wp\/v2\/pages\/114"}],"collection":[{"href":"https:\/\/onceuponabrand.pt\/en\/wp-json\/wp\/v2\/pages"}],"about":[{"href":"https:\/\/onceuponabrand.pt\/en\/wp-json\/wp\/v2\/types\/page"}],"author":[{"embeddable":true,"href":"https:\/\/onceuponabrand.pt\/en\/wp-json\/wp\/v2\/users\/1"}],"replies":[{"embeddable":true,"href":"https:\/\/onceuponabrand.pt\/en\/wp-json\/wp\/v2\/comments?post=114"}],"version-history":[{"count":38,"href":"https:\/\/onceuponabrand.pt\/en\/wp-json\/wp\/v2\/pages\/114\/revisions"}],"predecessor-version":[{"id":1360,"href":"https:\/\/onceuponabrand.pt\/en\/wp-json\/wp\/v2\/pages\/114\/revisions\/1360"}],"wp:attachment":[{"href":"https:\/\/onceuponabrand.pt\/en\/wp-json\/wp\/v2\/media?parent=114"}],"curies":[{"name":"wp","href":"https:\/\/api.w.org\/{rel}","templated":true}]}}